{"id":488,"date":"2024-02-01T21:49:07","date_gmt":"2024-02-01T21:49:07","guid":{"rendered":"https:\/\/konemull.ee\/?post_type=product&#038;p=488"},"modified":"2025-06-18T09:33:15","modified_gmt":"2025-06-18T09:33:15","slug":"r-asehaaliku-mangukomplekt","status":"publish","type":"product","link":"https:\/\/konemull.ee\/en\/product\/r-asehaaliku-mangukomplekt\/","title":{"rendered":"R-aseh\u00e4\u00e4liku m\u00e4ngukomplekt"},"content":{"rendered":"","protected":false},"excerpt":{"rendered":"<p>R-aseh\u00e4\u00e4liku m\u00e4ngukomplekti kuulub 6 erinevat \u00f5ppem\u00e4ngu koos juhenditega. Komplektis on\u00a0 lauam\u00e4ngud, t\u00e4ringum\u00e4ngud, otsimism\u00e4ngud jm. Nende \u00f5ppem\u00e4ngude abil saab laps harjutada R-(ase)h\u00e4\u00e4likut isoleeritult kui ka silbis.<\/p>\n<p>M\u00e4ngude nimekiri:<\/p>\n<p>Lauam\u00e4ng &#8220;Dinosaurus otsib oma pere&#8221;<\/p>\n<p>T\u00e4ringum\u00e4ng &#8220;S\u00f5idukite v\u00f5idus\u00f5it&#8221;<\/p>\n<p>&#8220;Meemaiad mesilased&#8221;<\/p>\n<p>&#8220;Raketid otsivad koduplaneeti&#8221;<\/p>\n<p>&#8220;Mida traktor veab?&#8221;<\/p>\n<p>Lauam\u00e4ng &#8220;V\u00e4ike R loomaaias&#8221;<\/p>\n<p>&nbsp;<\/p>\n<p>&nbsp;<\/p>\n<p><em>NB! PDF-formaadis m\u00e4ngud saate alla laadida kohe p\u00e4rast tasumist veebilehelt v\u00f5i e-mailile saadetud arvelt.<\/em><\/p>","protected":false},"featured_media":490,"comment_status":"open","ping_status":"closed","template":"","meta":{"site-sidebar-layout":"default","site-content-layout":"","ast-site-content-layout":"default","site-content-style":"default","site-sidebar-style":"default","ast-global-header-display":"","ast-banner-title-visibility":"","ast-main-header-display":"","ast-hfb-above-header-display":"","ast-hfb-below-header-display":"","ast-hfb-mobile-header-display":"","site-post-title":"","ast-breadcrumbs-content":"","ast-featured-img":"","footer-sml-layout":"","ast-disable-related-posts":"","theme-transparent-header-meta":"default","adv-header-id-meta":"","stick-header-meta":"","header-above-stick-meta":"","header-main-stick-meta":"","header-below-stick-meta":"","astra-migrate-meta-layouts":"set","ast-page-background-enabled":"default","ast-page-background-meta":{"desktop":{"background-color":"var(--ast-global-color-4)","background-image":"","background-repeat":"repeat","background-position":"center center","background-size":"auto","background-attachment":"scroll","background-type":"","background-media":"","overlay-type":"","overlay-color":"","overlay-opacity":"","overlay-gradient":""},"tablet":{"background-color":"","background-image":"","background-repeat":"repeat","background-position":"center center","background-size":"auto","background-attachment":"scroll","background-type":"","background-media":"","overlay-type":"","overlay-color":"","overlay-opacity":"","overlay-gradient":""},"mobile":{"background-color":"","background-image":"","background-repeat":"repeat","background-position":"center center","background-size":"auto","background-attachment":"scroll","background-type":"","background-media":"","overlay-type":"","overlay-color":"","overlay-opacity":"","overlay-gradient":""}},"ast-content-background-meta":{"desktop":{"background-color":"var(--ast-global-color-5)","background-image":"","background-repeat":"repeat","background-position":"center center","background-size":"auto","background-attachment":"scroll","background-type":"","background-media":"","overlay-type":"","overlay-color":"","overlay-opacity":"","overlay-gradient":""},"tablet":{"background-color":"var(--ast-global-color-5)","background-image":"","background-repeat":"repeat","background-position":"center center","background-size":"auto","background-attachment":"scroll","background-type":"","background-media":"","overlay-type":"","overlay-color":"","overlay-opacity":"","overlay-gradient":""},"mobile":{"background-color":"var(--ast-global-color-5)","background-image":"","background-repeat":"repeat","background-position":"center center","background-size":"auto","background-attachment":"scroll","background-type":"","background-media":"","overlay-type":"","overlay-color":"","overlay-opacity":"","overlay-gradient":""}}},"product_brand":[],"product_cat":[29],"product_tag":[],"class_list":{"0":"post-488","1":"product","2":"type-product","3":"status-publish","4":"has-post-thumbnail","6":"product_cat-haalikumangud","7":"desktop-align-center","8":"tablet-align-left","9":"mobile-align-left","11":"first","12":"instock","13":"taxable","14":"shipping-taxable","15":"purchasable","16":"product-type-variable"},"yoast_head":"<!-- This site is optimized with the Yoast SEO plugin v27.3 - https:\/\/yoast.com\/product\/yoast-seo-wordpress\/ -->\n<title>R-aseh\u00e4\u00e4liku m\u00e4ngukomplekt - K\u00f5nemull<\/title>\n<meta name=\"robots\" content=\"index, follow, max-snippet:-1, max-image-preview:large, max-video-preview:-1\" \/>\n<link rel=\"canonical\" href=\"https:\/\/konemull.ee\/en\/product\/r-asehaaliku-mangukomplekt\/\" \/>\n<meta property=\"og:locale\" content=\"en_US\" \/>\n<meta property=\"og:type\" content=\"article\" \/>\n<meta property=\"og:title\" content=\"R-aseh\u00e4\u00e4liku m\u00e4ngukomplekt - K\u00f5nemull\" \/>\n<meta property=\"og:description\" content=\"R-aseh\u00e4\u00e4liku m\u00e4ngukomplekti kuulub 6 erinevat \u00f5ppem\u00e4ngu koos juhenditega. Komplektis on\u00a0 lauam\u00e4ngud, t\u00e4ringum\u00e4ngud, otsimism\u00e4ngud jm. Nende \u00f5ppem\u00e4ngude abil saab laps harjutada R-(ase)h\u00e4\u00e4likut isoleeritult kui ka silbis.  M\u00e4ngude nimekiri:  Lauam\u00e4ng &quot;Dinosaurus otsib oma pere&quot;  T\u00e4ringum\u00e4ng &quot;S\u00f5idukite v\u00f5idus\u00f5it&quot;  &quot;Meemaiad mesilased&quot;  &quot;Raketid otsivad koduplaneeti&quot;  &quot;Mida traktor veab?&quot;  Lauam\u00e4ng &quot;V\u00e4ike R loomaaias&quot;  &nbsp;  &nbsp;  NB! PDF-formaadis m\u00e4ngud saate alla laadida kohe p\u00e4rast tasumist veebilehelt v\u00f5i e-mailile saadetud arvelt.\" \/>\n<meta property=\"og:url\" content=\"https:\/\/konemull.ee\/en\/product\/r-asehaaliku-mangukomplekt\/\" \/>\n<meta property=\"og:site_name\" content=\"K\u00f5nemull\" \/>\n<meta property=\"article:modified_time\" content=\"2025-06-18T09:33:15+00:00\" \/>\n<meta property=\"og:image\" content=\"https:\/\/konemull.ee\/wp-content\/uploads\/2024\/02\/Rasehaalik.png\" \/>\n\t<meta property=\"og:image:width\" content=\"1000\" \/>\n\t<meta property=\"og:image:height\" content=\"1000\" \/>\n\t<meta property=\"og:image:type\" content=\"image\/png\" \/>\n<meta name=\"twitter:card\" content=\"summary_large_image\" \/>\n<meta name=\"twitter:label1\" content=\"Est. reading time\" \/>\n\t<meta name=\"twitter:data1\" content=\"1 minute\" \/>\n<script type=\"application\/ld+json\" class=\"yoast-schema-graph\">{\"@context\":\"https:\\\/\\\/schema.org\",\"@graph\":[{\"@type\":\"WebPage\",\"@id\":\"https:\\\/\\\/konemull.ee\\\/toode\\\/r-asehaaliku-mangukomplekt\\\/\",\"url\":\"https:\\\/\\\/konemull.ee\\\/toode\\\/r-asehaaliku-mangukomplekt\\\/\",\"name\":\"R-aseh\u00e4\u00e4liku m\u00e4ngukomplekt - K\u00f5nemull\",\"isPartOf\":{\"@id\":\"https:\\\/\\\/konemull.ee\\\/en\\\/#website\"},\"primaryImageOfPage\":{\"@id\":\"https:\\\/\\\/konemull.ee\\\/toode\\\/r-asehaaliku-mangukomplekt\\\/#primaryimage\"},\"image\":{\"@id\":\"https:\\\/\\\/konemull.ee\\\/toode\\\/r-asehaaliku-mangukomplekt\\\/#primaryimage\"},\"thumbnailUrl\":\"https:\\\/\\\/konemull.ee\\\/wp-content\\\/uploads\\\/2024\\\/02\\\/Rasehaalik.png\",\"datePublished\":\"2024-02-01T21:49:07+00:00\",\"dateModified\":\"2025-06-18T09:33:15+00:00\",\"breadcrumb\":{\"@id\":\"https:\\\/\\\/konemull.ee\\\/toode\\\/r-asehaaliku-mangukomplekt\\\/#breadcrumb\"},\"inLanguage\":\"en-US\",\"potentialAction\":[{\"@type\":\"ReadAction\",\"target\":[\"https:\\\/\\\/konemull.ee\\\/toode\\\/r-asehaaliku-mangukomplekt\\\/\"]}]},{\"@type\":\"ImageObject\",\"inLanguage\":\"en-US\",\"@id\":\"https:\\\/\\\/konemull.ee\\\/toode\\\/r-asehaaliku-mangukomplekt\\\/#primaryimage\",\"url\":\"https:\\\/\\\/konemull.ee\\\/wp-content\\\/uploads\\\/2024\\\/02\\\/Rasehaalik.png\",\"contentUrl\":\"https:\\\/\\\/konemull.ee\\\/wp-content\\\/uploads\\\/2024\\\/02\\\/Rasehaalik.png\",\"width\":1000,\"height\":1000},{\"@type\":\"BreadcrumbList\",\"@id\":\"https:\\\/\\\/konemull.ee\\\/toode\\\/r-asehaaliku-mangukomplekt\\\/#breadcrumb\",\"itemListElement\":[{\"@type\":\"ListItem\",\"position\":1,\"name\":\"Home\",\"item\":\"https:\\\/\\\/konemull.ee\\\/en\\\/\"},{\"@type\":\"ListItem\",\"position\":2,\"name\":\"Tooted\",\"item\":\"https:\\\/\\\/konemull.ee\\\/en\\\/tooted\\\/\"},{\"@type\":\"ListItem\",\"position\":3,\"name\":\"R-aseh\u00e4\u00e4liku m\u00e4ngukomplekt\"}]},{\"@type\":\"WebSite\",\"@id\":\"https:\\\/\\\/konemull.ee\\\/en\\\/#website\",\"url\":\"https:\\\/\\\/konemull.ee\\\/en\\\/\",\"name\":\"K\u00f5nemull\",\"description\":\"\",\"publisher\":{\"@id\":\"https:\\\/\\\/konemull.ee\\\/en\\\/#organization\"},\"potentialAction\":[{\"@type\":\"SearchAction\",\"target\":{\"@type\":\"EntryPoint\",\"urlTemplate\":\"https:\\\/\\\/konemull.ee\\\/en\\\/?s={search_term_string}\"},\"query-input\":{\"@type\":\"PropertyValueSpecification\",\"valueRequired\":true,\"valueName\":\"search_term_string\"}}],\"inLanguage\":\"en-US\"},{\"@type\":\"Organization\",\"@id\":\"https:\\\/\\\/konemull.ee\\\/en\\\/#organization\",\"name\":\"K\u00f5nemull\",\"url\":\"https:\\\/\\\/konemull.ee\\\/en\\\/\",\"logo\":{\"@type\":\"ImageObject\",\"inLanguage\":\"en-US\",\"@id\":\"https:\\\/\\\/konemull.ee\\\/en\\\/#\\\/schema\\\/logo\\\/image\\\/\",\"url\":\"https:\\\/\\\/konemull.ee\\\/wp-content\\\/uploads\\\/2024\\\/01\\\/TransparentKoneMull.png\",\"contentUrl\":\"https:\\\/\\\/konemull.ee\\\/wp-content\\\/uploads\\\/2024\\\/01\\\/TransparentKoneMull.png\",\"width\":500,\"height\":500,\"caption\":\"K\u00f5nemull\"},\"image\":{\"@id\":\"https:\\\/\\\/konemull.ee\\\/en\\\/#\\\/schema\\\/logo\\\/image\\\/\"}}]}<\/script>\n<!-- \/ Yoast SEO plugin. -->","yoast_head_json":{"title":"R-aseh\u00e4\u00e4liku m\u00e4ngukomplekt - K\u00f5nemull","robots":{"index":"index","follow":"follow","max-snippet":"max-snippet:-1","max-image-preview":"max-image-preview:large","max-video-preview":"max-video-preview:-1"},"canonical":"https:\/\/konemull.ee\/en\/product\/r-asehaaliku-mangukomplekt\/","og_locale":"en_US","og_type":"article","og_title":"R-aseh\u00e4\u00e4liku m\u00e4ngukomplekt - K\u00f5nemull","og_description":"R-aseh\u00e4\u00e4liku m\u00e4ngukomplekti kuulub 6 erinevat \u00f5ppem\u00e4ngu koos juhenditega. Komplektis on\u00a0 lauam\u00e4ngud, t\u00e4ringum\u00e4ngud, otsimism\u00e4ngud jm. Nende \u00f5ppem\u00e4ngude abil saab laps harjutada R-(ase)h\u00e4\u00e4likut isoleeritult kui ka silbis.  M\u00e4ngude nimekiri:  Lauam\u00e4ng \"Dinosaurus otsib oma pere\"  T\u00e4ringum\u00e4ng \"S\u00f5idukite v\u00f5idus\u00f5it\"  \"Meemaiad mesilased\"  \"Raketid otsivad koduplaneeti\"  \"Mida traktor veab?\"  Lauam\u00e4ng \"V\u00e4ike R loomaaias\"  &nbsp;  &nbsp;  NB! PDF-formaadis m\u00e4ngud saate alla laadida kohe p\u00e4rast tasumist veebilehelt v\u00f5i e-mailile saadetud arvelt.","og_url":"https:\/\/konemull.ee\/en\/product\/r-asehaaliku-mangukomplekt\/","og_site_name":"K\u00f5nemull","article_modified_time":"2025-06-18T09:33:15+00:00","og_image":[{"width":1000,"height":1000,"url":"https:\/\/konemull.ee\/wp-content\/uploads\/2024\/02\/Rasehaalik.png","type":"image\/png"}],"twitter_card":"summary_large_image","twitter_misc":{"Est. reading time":"1 minute"},"schema":{"@context":"https:\/\/schema.org","@graph":[{"@type":"WebPage","@id":"https:\/\/konemull.ee\/toode\/r-asehaaliku-mangukomplekt\/","url":"https:\/\/konemull.ee\/toode\/r-asehaaliku-mangukomplekt\/","name":"R-aseh\u00e4\u00e4liku m\u00e4ngukomplekt - K\u00f5nemull","isPartOf":{"@id":"https:\/\/konemull.ee\/en\/#website"},"primaryImageOfPage":{"@id":"https:\/\/konemull.ee\/toode\/r-asehaaliku-mangukomplekt\/#primaryimage"},"image":{"@id":"https:\/\/konemull.ee\/toode\/r-asehaaliku-mangukomplekt\/#primaryimage"},"thumbnailUrl":"https:\/\/konemull.ee\/wp-content\/uploads\/2024\/02\/Rasehaalik.png","datePublished":"2024-02-01T21:49:07+00:00","dateModified":"2025-06-18T09:33:15+00:00","breadcrumb":{"@id":"https:\/\/konemull.ee\/toode\/r-asehaaliku-mangukomplekt\/#breadcrumb"},"inLanguage":"en-US","potentialAction":[{"@type":"ReadAction","target":["https:\/\/konemull.ee\/toode\/r-asehaaliku-mangukomplekt\/"]}]},{"@type":"ImageObject","inLanguage":"en-US","@id":"https:\/\/konemull.ee\/toode\/r-asehaaliku-mangukomplekt\/#primaryimage","url":"https:\/\/konemull.ee\/wp-content\/uploads\/2024\/02\/Rasehaalik.png","contentUrl":"https:\/\/konemull.ee\/wp-content\/uploads\/2024\/02\/Rasehaalik.png","width":1000,"height":1000},{"@type":"BreadcrumbList","@id":"https:\/\/konemull.ee\/toode\/r-asehaaliku-mangukomplekt\/#breadcrumb","itemListElement":[{"@type":"ListItem","position":1,"name":"Home","item":"https:\/\/konemull.ee\/en\/"},{"@type":"ListItem","position":2,"name":"Tooted","item":"https:\/\/konemull.ee\/en\/tooted\/"},{"@type":"ListItem","position":3,"name":"R-aseh\u00e4\u00e4liku m\u00e4ngukomplekt"}]},{"@type":"WebSite","@id":"https:\/\/konemull.ee\/en\/#website","url":"https:\/\/konemull.ee\/en\/","name":"K\u00f5nemull","description":"","publisher":{"@id":"https:\/\/konemull.ee\/en\/#organization"},"potentialAction":[{"@type":"SearchAction","target":{"@type":"EntryPoint","urlTemplate":"https:\/\/konemull.ee\/en\/?s={search_term_string}"},"query-input":{"@type":"PropertyValueSpecification","valueRequired":true,"valueName":"search_term_string"}}],"inLanguage":"en-US"},{"@type":"Organization","@id":"https:\/\/konemull.ee\/en\/#organization","name":"K\u00f5nemull","url":"https:\/\/konemull.ee\/en\/","logo":{"@type":"ImageObject","inLanguage":"en-US","@id":"https:\/\/konemull.ee\/en\/#\/schema\/logo\/image\/","url":"https:\/\/konemull.ee\/wp-content\/uploads\/2024\/01\/TransparentKoneMull.png","contentUrl":"https:\/\/konemull.ee\/wp-content\/uploads\/2024\/01\/TransparentKoneMull.png","width":500,"height":500,"caption":"K\u00f5nemull"},"image":{"@id":"https:\/\/konemull.ee\/en\/#\/schema\/logo\/image\/"}}]}},"_links":{"self":[{"href":"https:\/\/konemull.ee\/en\/wp-json\/wp\/v2\/product\/488","targetHints":{"allow":["GET"]}}],"collection":[{"href":"https:\/\/konemull.ee\/en\/wp-json\/wp\/v2\/product"}],"about":[{"href":"https:\/\/konemull.ee\/en\/wp-json\/wp\/v2\/types\/product"}],"replies":[{"embeddable":true,"href":"https:\/\/konemull.ee\/en\/wp-json\/wp\/v2\/comments?post=488"}],"wp:featuredmedia":[{"embeddable":true,"href":"https:\/\/konemull.ee\/en\/wp-json\/wp\/v2\/media\/490"}],"wp:attachment":[{"href":"https:\/\/konemull.ee\/en\/wp-json\/wp\/v2\/media?parent=488"}],"wp:term":[{"taxonomy":"product_brand","embeddable":true,"href":"https:\/\/konemull.ee\/en\/wp-json\/wp\/v2\/product_brand?post=488"},{"taxonomy":"product_cat","embeddable":true,"href":"https:\/\/konemull.ee\/en\/wp-json\/wp\/v2\/product_cat?post=488"},{"taxonomy":"product_tag","embeddable":true,"href":"https:\/\/konemull.ee\/en\/wp-json\/wp\/v2\/product_tag?post=488"}],"curies":[{"name":"wp","href":"https:\/\/api.w.org\/{rel}","templated":true}]}}