{"id":570,"date":"2024-08-23T04:43:10","date_gmt":"2024-08-23T04:43:10","guid":{"rendered":"https:\/\/konemull.ee\/?post_type=product&#038;p=570"},"modified":"2025-06-18T08:50:42","modified_gmt":"2025-06-18T08:50:42","slug":"pohjuslause-mangukomplekt","status":"publish","type":"product","link":"https:\/\/konemull.ee\/en\/product\/pohjuslause-mangukomplekt\/","title":{"rendered":"P\u00f5hjuslause m\u00e4ngukomplekt"},"content":{"rendered":"","protected":false},"excerpt":{"rendered":"<p class=\"cvGsUA direction-ltr align-justify para-style-body\"><span class=\"OYPEnA font-feature-liga-off font-feature-clig-off font-feature-calt-off text-decoration-none text-strikethrough-none\">\u201cP\u00f5hjuslause\u201d \u00f5ppem\u00e4ngude komplekt on m\u00f5eldud p\u00f5hjuslausete moodustamise m\u00e4nguliseks harjutamiseks.<\/span><\/p>\n<p class=\"cvGsUA direction-ltr align-justify para-style-body\"><span class=\"OYPEnA font-feature-liga-off font-feature-clig-off font-feature-calt-off text-decoration-none text-strikethrough-none\">Komplekt koosneb kolmest m\u00e4ngust:<\/span><\/p>\n<ul>\n<li><span class=\"OYPEnA font-feature-liga-off font-feature-clig-off font-feature-calt-off text-decoration-none text-strikethrough-none\">Leia sobiv paariline ja moodusta lause. V\u00f5imalik m\u00e4ngida ka memoriinina.<\/span><\/li>\n<li><span class=\"OYPEnA font-feature-liga-off font-feature-clig-off font-feature-calt-off text-decoration-none text-strikethrough-none\">\u00dchenda joonega kokkusobivad pildid ja moodusta nende toel lause.<\/span><\/li>\n<li><span class=\"OYPEnA font-feature-liga-off font-feature-clig-off font-feature-calt-off text-decoration-none text-strikethrough-none\">Leia sobiv pilt ja moodusta lause.<\/span><\/li>\n<\/ul>\n<p class=\"cvGsUA direction-ltr align-justify para-style-body\"><span class=\"OYPEnA font-feature-liga-off font-feature-clig-off font-feature-calt-off text-decoration-none text-strikethrough-none\">K\u00f5ikide m\u00e4ngudega on v\u00f5imalik raskusastet muuta. Kui laps alles \u00f5pib p\u00f5hjuslauseid moodustama, on v\u00f5imalik m\u00e4nge m\u00e4ngida nii, et t\u00e4iskasvanu alustab lauset ning laps l\u00f5petab. Seej\u00e4rel on v\u00f5imalik raskusastet t\u00f5sta ja lapse k\u00f5nelist osakaalu suurendada, \u00f6eldes terve lause.<\/span><\/p>\n<p>&nbsp;<\/p>\n<p><em>NB! PDF-formaadis m\u00e4ngud saate alla laadida kohe p\u00e4rast tasumist veebilehelt v\u00f5i e-mailile saadetud arvelt.<\/em><\/p>","protected":false},"featured_media":575,"comment_status":"open","ping_status":"closed","template":"","meta":{"site-sidebar-layout":"default","site-content-layout":"","ast-site-content-layout":"default","site-content-style":"default","site-sidebar-style":"default","ast-global-header-display":"","ast-banner-title-visibility":"","ast-main-header-display":"","ast-hfb-above-header-display":"","ast-hfb-below-header-display":"","ast-hfb-mobile-header-display":"","site-post-title":"","ast-breadcrumbs-content":"","ast-featured-img":"","footer-sml-layout":"","ast-disable-related-posts":"","theme-transparent-header-meta":"default","adv-header-id-meta":"","stick-header-meta":"","header-above-stick-meta":"","header-main-stick-meta":"","header-below-stick-meta":"","astra-migrate-meta-layouts":"set","ast-page-background-enabled":"default","ast-page-background-meta":{"desktop":{"background-color":"var(--ast-global-color-4)","background-image":"","background-repeat":"repeat","background-position":"center center","background-size":"auto","background-attachment":"scroll","background-type":"","background-media":"","overlay-type":"","overlay-color":"","overlay-opacity":"","overlay-gradient":""},"tablet":{"background-color":"","background-image":"","background-repeat":"repeat","background-position":"center center","background-size":"auto","background-attachment":"scroll","background-type":"","background-media":"","overlay-type":"","overlay-color":"","overlay-opacity":"","overlay-gradient":""},"mobile":{"background-color":"","background-image":"","background-repeat":"repeat","background-position":"center center","background-size":"auto","background-attachment":"scroll","background-type":"","background-media":"","overlay-type":"","overlay-color":"","overlay-opacity":"","overlay-gradient":""}},"ast-content-background-meta":{"desktop":{"background-color":"var(--ast-global-color-5)","background-image":"","background-repeat":"repeat","background-position":"center center","background-size":"auto","background-attachment":"scroll","background-type":"","background-media":"","overlay-type":"","overlay-color":"","overlay-opacity":"","overlay-gradient":""},"tablet":{"background-color":"var(--ast-global-color-5)","background-image":"","background-repeat":"repeat","background-position":"center center","background-size":"auto","background-attachment":"scroll","background-type":"","background-media":"","overlay-type":"","overlay-color":"","overlay-opacity":"","overlay-gradient":""},"mobile":{"background-color":"var(--ast-global-color-5)","background-image":"","background-repeat":"repeat","background-position":"center center","background-size":"auto","background-attachment":"scroll","background-type":"","background-media":"","overlay-type":"","overlay-color":"","overlay-opacity":"","overlay-gradient":""}}},"product_brand":[],"product_cat":[28],"product_tag":[],"class_list":{"0":"post-570","1":"product","2":"type-product","3":"status-publish","4":"has-post-thumbnail","6":"product_cat-konearendus","7":"desktop-align-center","8":"tablet-align-left","9":"mobile-align-left","11":"first","12":"instock","13":"taxable","14":"shipping-taxable","15":"purchasable","16":"product-type-variable"},"yoast_head":"<!-- This site is optimized with the Yoast SEO plugin v27.3 - https:\/\/yoast.com\/product\/yoast-seo-wordpress\/ -->\n<title>P\u00f5hjuslause m\u00e4ngukomplekt - K\u00f5nemull<\/title>\n<meta name=\"robots\" content=\"index, follow, max-snippet:-1, max-image-preview:large, max-video-preview:-1\" \/>\n<link rel=\"canonical\" href=\"https:\/\/konemull.ee\/en\/product\/pohjuslause-mangukomplekt\/\" \/>\n<meta property=\"og:locale\" content=\"en_US\" \/>\n<meta property=\"og:type\" content=\"article\" \/>\n<meta property=\"og:title\" content=\"P\u00f5hjuslause m\u00e4ngukomplekt - K\u00f5nemull\" \/>\n<meta property=\"og:description\" content=\"\u201cP\u00f5hjuslause\u201d \u00f5ppem\u00e4ngude komplekt on m\u00f5eldud p\u00f5hjuslausete moodustamise m\u00e4nguliseks harjutamiseks. Komplekt koosneb kolmest m\u00e4ngust:    Leia sobiv paariline ja moodusta lause. V\u00f5imalik m\u00e4ngida ka memoriinina.  \u00dchenda joonega kokkusobivad pildid ja moodusta nende toel lause.  Leia sobiv pilt ja moodusta lause.  K\u00f5ikide m\u00e4ngudega on v\u00f5imalik raskusastet muuta. Kui laps alles \u00f5pib p\u00f5hjuslauseid moodustama, on v\u00f5imalik m\u00e4nge m\u00e4ngida nii, et t\u00e4iskasvanu alustab lauset ning laps l\u00f5petab. Seej\u00e4rel on v\u00f5imalik raskusastet t\u00f5sta ja lapse k\u00f5nelist osakaalu suurendada, \u00f6eldes terve lause. &nbsp;  NB! PDF-formaadis m\u00e4ngud saate alla laadida kohe p\u00e4rast tasumist veebilehelt v\u00f5i e-mailile saadetud arvelt.\" \/>\n<meta property=\"og:url\" content=\"https:\/\/konemull.ee\/en\/product\/pohjuslause-mangukomplekt\/\" \/>\n<meta property=\"og:site_name\" content=\"K\u00f5nemull\" \/>\n<meta property=\"article:modified_time\" content=\"2025-06-18T08:50:42+00:00\" \/>\n<meta property=\"og:image\" content=\"https:\/\/konemull.ee\/wp-content\/uploads\/2024\/08\/27.png\" \/>\n\t<meta property=\"og:image:width\" content=\"1000\" \/>\n\t<meta property=\"og:image:height\" content=\"1000\" \/>\n\t<meta property=\"og:image:type\" content=\"image\/png\" \/>\n<meta name=\"twitter:card\" content=\"summary_large_image\" \/>\n<meta name=\"twitter:label1\" content=\"Est. reading time\" \/>\n\t<meta name=\"twitter:data1\" content=\"1 minute\" \/>\n<script type=\"application\/ld+json\" class=\"yoast-schema-graph\">{\"@context\":\"https:\\\/\\\/schema.org\",\"@graph\":[{\"@type\":\"WebPage\",\"@id\":\"https:\\\/\\\/konemull.ee\\\/toode\\\/pohjuslause-mangukomplekt\\\/\",\"url\":\"https:\\\/\\\/konemull.ee\\\/toode\\\/pohjuslause-mangukomplekt\\\/\",\"name\":\"P\u00f5hjuslause m\u00e4ngukomplekt - K\u00f5nemull\",\"isPartOf\":{\"@id\":\"https:\\\/\\\/konemull.ee\\\/en\\\/#website\"},\"primaryImageOfPage\":{\"@id\":\"https:\\\/\\\/konemull.ee\\\/toode\\\/pohjuslause-mangukomplekt\\\/#primaryimage\"},\"image\":{\"@id\":\"https:\\\/\\\/konemull.ee\\\/toode\\\/pohjuslause-mangukomplekt\\\/#primaryimage\"},\"thumbnailUrl\":\"https:\\\/\\\/konemull.ee\\\/wp-content\\\/uploads\\\/2024\\\/08\\\/27.png\",\"datePublished\":\"2024-08-23T04:43:10+00:00\",\"dateModified\":\"2025-06-18T08:50:42+00:00\",\"breadcrumb\":{\"@id\":\"https:\\\/\\\/konemull.ee\\\/toode\\\/pohjuslause-mangukomplekt\\\/#breadcrumb\"},\"inLanguage\":\"en-US\",\"potentialAction\":[{\"@type\":\"ReadAction\",\"target\":[\"https:\\\/\\\/konemull.ee\\\/toode\\\/pohjuslause-mangukomplekt\\\/\"]}]},{\"@type\":\"ImageObject\",\"inLanguage\":\"en-US\",\"@id\":\"https:\\\/\\\/konemull.ee\\\/toode\\\/pohjuslause-mangukomplekt\\\/#primaryimage\",\"url\":\"https:\\\/\\\/konemull.ee\\\/wp-content\\\/uploads\\\/2024\\\/08\\\/27.png\",\"contentUrl\":\"https:\\\/\\\/konemull.ee\\\/wp-content\\\/uploads\\\/2024\\\/08\\\/27.png\",\"width\":1000,\"height\":1000},{\"@type\":\"BreadcrumbList\",\"@id\":\"https:\\\/\\\/konemull.ee\\\/toode\\\/pohjuslause-mangukomplekt\\\/#breadcrumb\",\"itemListElement\":[{\"@type\":\"ListItem\",\"position\":1,\"name\":\"Home\",\"item\":\"https:\\\/\\\/konemull.ee\\\/en\\\/\"},{\"@type\":\"ListItem\",\"position\":2,\"name\":\"Tooted\",\"item\":\"https:\\\/\\\/konemull.ee\\\/en\\\/tooted\\\/\"},{\"@type\":\"ListItem\",\"position\":3,\"name\":\"P\u00f5hjuslause m\u00e4ngukomplekt\"}]},{\"@type\":\"WebSite\",\"@id\":\"https:\\\/\\\/konemull.ee\\\/en\\\/#website\",\"url\":\"https:\\\/\\\/konemull.ee\\\/en\\\/\",\"name\":\"K\u00f5nemull\",\"description\":\"\",\"publisher\":{\"@id\":\"https:\\\/\\\/konemull.ee\\\/en\\\/#organization\"},\"potentialAction\":[{\"@type\":\"SearchAction\",\"target\":{\"@type\":\"EntryPoint\",\"urlTemplate\":\"https:\\\/\\\/konemull.ee\\\/en\\\/?s={search_term_string}\"},\"query-input\":{\"@type\":\"PropertyValueSpecification\",\"valueRequired\":true,\"valueName\":\"search_term_string\"}}],\"inLanguage\":\"en-US\"},{\"@type\":\"Organization\",\"@id\":\"https:\\\/\\\/konemull.ee\\\/en\\\/#organization\",\"name\":\"K\u00f5nemull\",\"url\":\"https:\\\/\\\/konemull.ee\\\/en\\\/\",\"logo\":{\"@type\":\"ImageObject\",\"inLanguage\":\"en-US\",\"@id\":\"https:\\\/\\\/konemull.ee\\\/en\\\/#\\\/schema\\\/logo\\\/image\\\/\",\"url\":\"https:\\\/\\\/konemull.ee\\\/wp-content\\\/uploads\\\/2024\\\/01\\\/TransparentKoneMull.png\",\"contentUrl\":\"https:\\\/\\\/konemull.ee\\\/wp-content\\\/uploads\\\/2024\\\/01\\\/TransparentKoneMull.png\",\"width\":500,\"height\":500,\"caption\":\"K\u00f5nemull\"},\"image\":{\"@id\":\"https:\\\/\\\/konemull.ee\\\/en\\\/#\\\/schema\\\/logo\\\/image\\\/\"}}]}<\/script>\n<!-- \/ Yoast SEO plugin. -->","yoast_head_json":{"title":"P\u00f5hjuslause m\u00e4ngukomplekt - K\u00f5nemull","robots":{"index":"index","follow":"follow","max-snippet":"max-snippet:-1","max-image-preview":"max-image-preview:large","max-video-preview":"max-video-preview:-1"},"canonical":"https:\/\/konemull.ee\/en\/product\/pohjuslause-mangukomplekt\/","og_locale":"en_US","og_type":"article","og_title":"P\u00f5hjuslause m\u00e4ngukomplekt - K\u00f5nemull","og_description":"\u201cP\u00f5hjuslause\u201d \u00f5ppem\u00e4ngude komplekt on m\u00f5eldud p\u00f5hjuslausete moodustamise m\u00e4nguliseks harjutamiseks. Komplekt koosneb kolmest m\u00e4ngust:    Leia sobiv paariline ja moodusta lause. V\u00f5imalik m\u00e4ngida ka memoriinina.  \u00dchenda joonega kokkusobivad pildid ja moodusta nende toel lause.  Leia sobiv pilt ja moodusta lause.  K\u00f5ikide m\u00e4ngudega on v\u00f5imalik raskusastet muuta. Kui laps alles \u00f5pib p\u00f5hjuslauseid moodustama, on v\u00f5imalik m\u00e4nge m\u00e4ngida nii, et t\u00e4iskasvanu alustab lauset ning laps l\u00f5petab. Seej\u00e4rel on v\u00f5imalik raskusastet t\u00f5sta ja lapse k\u00f5nelist osakaalu suurendada, \u00f6eldes terve lause. &nbsp;  NB! PDF-formaadis m\u00e4ngud saate alla laadida kohe p\u00e4rast tasumist veebilehelt v\u00f5i e-mailile saadetud arvelt.","og_url":"https:\/\/konemull.ee\/en\/product\/pohjuslause-mangukomplekt\/","og_site_name":"K\u00f5nemull","article_modified_time":"2025-06-18T08:50:42+00:00","og_image":[{"width":1000,"height":1000,"url":"https:\/\/konemull.ee\/wp-content\/uploads\/2024\/08\/27.png","type":"image\/png"}],"twitter_card":"summary_large_image","twitter_misc":{"Est. reading time":"1 minute"},"schema":{"@context":"https:\/\/schema.org","@graph":[{"@type":"WebPage","@id":"https:\/\/konemull.ee\/toode\/pohjuslause-mangukomplekt\/","url":"https:\/\/konemull.ee\/toode\/pohjuslause-mangukomplekt\/","name":"P\u00f5hjuslause m\u00e4ngukomplekt - K\u00f5nemull","isPartOf":{"@id":"https:\/\/konemull.ee\/en\/#website"},"primaryImageOfPage":{"@id":"https:\/\/konemull.ee\/toode\/pohjuslause-mangukomplekt\/#primaryimage"},"image":{"@id":"https:\/\/konemull.ee\/toode\/pohjuslause-mangukomplekt\/#primaryimage"},"thumbnailUrl":"https:\/\/konemull.ee\/wp-content\/uploads\/2024\/08\/27.png","datePublished":"2024-08-23T04:43:10+00:00","dateModified":"2025-06-18T08:50:42+00:00","breadcrumb":{"@id":"https:\/\/konemull.ee\/toode\/pohjuslause-mangukomplekt\/#breadcrumb"},"inLanguage":"en-US","potentialAction":[{"@type":"ReadAction","target":["https:\/\/konemull.ee\/toode\/pohjuslause-mangukomplekt\/"]}]},{"@type":"ImageObject","inLanguage":"en-US","@id":"https:\/\/konemull.ee\/toode\/pohjuslause-mangukomplekt\/#primaryimage","url":"https:\/\/konemull.ee\/wp-content\/uploads\/2024\/08\/27.png","contentUrl":"https:\/\/konemull.ee\/wp-content\/uploads\/2024\/08\/27.png","width":1000,"height":1000},{"@type":"BreadcrumbList","@id":"https:\/\/konemull.ee\/toode\/pohjuslause-mangukomplekt\/#breadcrumb","itemListElement":[{"@type":"ListItem","position":1,"name":"Home","item":"https:\/\/konemull.ee\/en\/"},{"@type":"ListItem","position":2,"name":"Tooted","item":"https:\/\/konemull.ee\/en\/tooted\/"},{"@type":"ListItem","position":3,"name":"P\u00f5hjuslause m\u00e4ngukomplekt"}]},{"@type":"WebSite","@id":"https:\/\/konemull.ee\/en\/#website","url":"https:\/\/konemull.ee\/en\/","name":"K\u00f5nemull","description":"","publisher":{"@id":"https:\/\/konemull.ee\/en\/#organization"},"potentialAction":[{"@type":"SearchAction","target":{"@type":"EntryPoint","urlTemplate":"https:\/\/konemull.ee\/en\/?s={search_term_string}"},"query-input":{"@type":"PropertyValueSpecification","valueRequired":true,"valueName":"search_term_string"}}],"inLanguage":"en-US"},{"@type":"Organization","@id":"https:\/\/konemull.ee\/en\/#organization","name":"K\u00f5nemull","url":"https:\/\/konemull.ee\/en\/","logo":{"@type":"ImageObject","inLanguage":"en-US","@id":"https:\/\/konemull.ee\/en\/#\/schema\/logo\/image\/","url":"https:\/\/konemull.ee\/wp-content\/uploads\/2024\/01\/TransparentKoneMull.png","contentUrl":"https:\/\/konemull.ee\/wp-content\/uploads\/2024\/01\/TransparentKoneMull.png","width":500,"height":500,"caption":"K\u00f5nemull"},"image":{"@id":"https:\/\/konemull.ee\/en\/#\/schema\/logo\/image\/"}}]}},"_links":{"self":[{"href":"https:\/\/konemull.ee\/en\/wp-json\/wp\/v2\/product\/570","targetHints":{"allow":["GET"]}}],"collection":[{"href":"https:\/\/konemull.ee\/en\/wp-json\/wp\/v2\/product"}],"about":[{"href":"https:\/\/konemull.ee\/en\/wp-json\/wp\/v2\/types\/product"}],"replies":[{"embeddable":true,"href":"https:\/\/konemull.ee\/en\/wp-json\/wp\/v2\/comments?post=570"}],"wp:featuredmedia":[{"embeddable":true,"href":"https:\/\/konemull.ee\/en\/wp-json\/wp\/v2\/media\/575"}],"wp:attachment":[{"href":"https:\/\/konemull.ee\/en\/wp-json\/wp\/v2\/media?parent=570"}],"wp:term":[{"taxonomy":"product_brand","embeddable":true,"href":"https:\/\/konemull.ee\/en\/wp-json\/wp\/v2\/product_brand?post=570"},{"taxonomy":"product_cat","embeddable":true,"href":"https:\/\/konemull.ee\/en\/wp-json\/wp\/v2\/product_cat?post=570"},{"taxonomy":"product_tag","embeddable":true,"href":"https:\/\/konemull.ee\/en\/wp-json\/wp\/v2\/product_tag?post=570"}],"curies":[{"name":"wp","href":"https:\/\/api.w.org\/{rel}","templated":true}]}}