{"id":606,"date":"2024-10-23T19:40:32","date_gmt":"2024-10-23T19:40:32","guid":{"rendered":"https:\/\/konemull.ee\/?post_type=product&#038;p=606"},"modified":"2025-09-12T11:57:50","modified_gmt":"2025-09-12T11:57:50","slug":"konearenduslik-mangukomplekt-memoriin","status":"publish","type":"product","link":"https:\/\/konemull.ee\/en\/product\/konearenduslik-mangukomplekt-memoriin\/","title":{"rendered":"K\u00f5nearenduslik m\u00e4ngukomplekt Memoriin"},"content":{"rendered":"","protected":false},"excerpt":{"rendered":"<p class=\"cvGsUA direction-ltr align-justify para-style-body\"><span class=\"OYPEnA font-feature-liga-off font-feature-clig-off font-feature-calt-off text-decoration-none text-strikethrough-none\">Memoriini m\u00e4ngimiseks valib m\u00e4ngija kaks nuppu, mille m\u00e4ngualuselt eemaldab. Kui pildid sobivad omavahel kokku, saab m\u00e4ngija nimetada pildil olevad esemed, moodustada lauseid v\u00f5i lugeda s\u00f5nu (s\u00f5ltuvalt valitud m\u00e4ngust). Kui pildid kokku ei sobi, l\u00e4heb m\u00e4ngukord j\u00e4rgmisele. V\u00f5idab see m\u00e4ngija, kes on m\u00e4ngu l\u00f5pus k\u00f5ige rohkem paare kogunud.<\/span><\/p>\n<p class=\"cvGsUA direction-ltr align-justify para-style-body\">\n<p class=\"cvGsUA direction-ltr align-justify para-style-body\"><span class=\"OYPEnA font-feature-liga-off font-feature-clig-off font-feature-calt-off text-decoration-none text-strikethrough-none\">K\u00f5nemulli memoriini m\u00e4ngukomplekti kuulub 26 m\u00e4ngu:<\/span><\/p>\n<ul>\n<li><span class=\"OYPEnA font-feature-liga-off font-feature-clig-off font-feature-calt-off text-decoration-none text-strikethrough-none\">S-h\u00e4\u00e4liku m\u00e4ngud (7 m\u00e4ngu)<\/span><\/li>\n<li><span class=\"OYPEnA font-feature-liga-off font-feature-clig-off font-feature-calt-off text-decoration-none text-strikethrough-none\">R-h\u00e4\u00e4liku m\u00e4ngud (6 m\u00e4ngu)<\/span><\/li>\n<li><span class=\"OYPEnA font-feature-liga-off font-feature-clig-off font-feature-calt-off text-decoration-none text-strikethrough-none\">K-h\u00e4\u00e4liku m\u00e4ngud (5 m\u00e4ngu)<\/span><\/li>\n<li><span class=\"OYPEnA font-feature-liga-off font-feature-clig-off font-feature-calt-off text-decoration-none text-strikethrough-none\">P\u00f5hjus- ja tingimuslause (2 m\u00e4ngu)<\/span><\/li>\n<li><span class=\"OYPEnA font-feature-liga-off font-feature-clig-off font-feature-calt-off text-decoration-none text-strikethrough-none\">Tagas\u00f5nad<\/span><\/li>\n<li><span class=\"OYPEnA font-feature-liga-off font-feature-clig-off font-feature-calt-off text-decoration-none text-strikethrough-none\">Vastands\u00f5nad<\/span><\/li>\n<li><span class=\"OYPEnA font-feature-liga-off font-feature-clig-off font-feature-calt-off text-decoration-none text-strikethrough-none\">Lugemism\u00e4ngud (2 m\u00e4ngu)<\/span><\/li>\n<li><span class=\"OYPEnA font-feature-liga-off font-feature-clig-off font-feature-calt-off text-decoration-none text-strikethrough-none\">Terviku osade nimetused<\/span><\/li>\n<li><span class=\"OYPEnA font-feature-liga-off font-feature-clig-off font-feature-calt-off text-decoration-none text-strikethrough-none\">Umbisikuline tegumood<\/span><\/li>\n<\/ul>","protected":false},"featured_media":608,"comment_status":"open","ping_status":"closed","template":"","meta":{"site-sidebar-layout":"default","site-content-layout":"","ast-site-content-layout":"default","site-content-style":"default","site-sidebar-style":"default","ast-global-header-display":"","ast-banner-title-visibility":"","ast-main-header-display":"","ast-hfb-above-header-display":"","ast-hfb-below-header-display":"","ast-hfb-mobile-header-display":"","site-post-title":"","ast-breadcrumbs-content":"","ast-featured-img":"","footer-sml-layout":"","ast-disable-related-posts":"","theme-transparent-header-meta":"default","adv-header-id-meta":"","stick-header-meta":"","header-above-stick-meta":"","header-main-stick-meta":"","header-below-stick-meta":"","astra-migrate-meta-layouts":"set","ast-page-background-enabled":"default","ast-page-background-meta":{"desktop":{"background-color":"var(--ast-global-color-4)","background-image":"","background-repeat":"repeat","background-position":"center center","background-size":"auto","background-attachment":"scroll","background-type":"","background-media":"","overlay-type":"","overlay-color":"","overlay-opacity":"","overlay-gradient":""},"tablet":{"background-color":"","background-image":"","background-repeat":"repeat","background-position":"center center","background-size":"auto","background-attachment":"scroll","background-type":"","background-media":"","overlay-type":"","overlay-color":"","overlay-opacity":"","overlay-gradient":""},"mobile":{"background-color":"","background-image":"","background-repeat":"repeat","background-position":"center center","background-size":"auto","background-attachment":"scroll","background-type":"","background-media":"","overlay-type":"","overlay-color":"","overlay-opacity":"","overlay-gradient":""}},"ast-content-background-meta":{"desktop":{"background-color":"var(--ast-global-color-5)","background-image":"","background-repeat":"repeat","background-position":"center center","background-size":"auto","background-attachment":"scroll","background-type":"","background-media":"","overlay-type":"","overlay-color":"","overlay-opacity":"","overlay-gradient":""},"tablet":{"background-color":"var(--ast-global-color-5)","background-image":"","background-repeat":"repeat","background-position":"center center","background-size":"auto","background-attachment":"scroll","background-type":"","background-media":"","overlay-type":"","overlay-color":"","overlay-opacity":"","overlay-gradient":""},"mobile":{"background-color":"var(--ast-global-color-5)","background-image":"","background-repeat":"repeat","background-position":"center center","background-size":"auto","background-attachment":"scroll","background-type":"","background-media":"","overlay-type":"","overlay-color":"","overlay-opacity":"","overlay-gradient":""}}},"product_brand":[],"product_cat":[29,26,28],"product_tag":[],"class_list":{"0":"post-606","1":"product","2":"type-product","3":"status-publish","4":"has-post-thumbnail","6":"product_cat-haalikumangud","7":"product_cat-kirjalik-kone","8":"product_cat-konearendus","9":"desktop-align-center","10":"tablet-align-left","11":"mobile-align-left","13":"first","14":"instock","15":"taxable","16":"shipping-taxable","17":"purchasable","18":"product-type-simple"},"yoast_head":"<!-- This site is optimized with the Yoast SEO plugin v27.3 - https:\/\/yoast.com\/product\/yoast-seo-wordpress\/ -->\n<title>K\u00f5nearenduslik m\u00e4ngukomplekt Memoriin - K\u00f5nemull<\/title>\n<meta name=\"robots\" content=\"index, follow, max-snippet:-1, max-image-preview:large, max-video-preview:-1\" \/>\n<link rel=\"canonical\" href=\"https:\/\/konemull.ee\/en\/product\/konearenduslik-mangukomplekt-memoriin\/\" \/>\n<meta property=\"og:locale\" content=\"en_US\" \/>\n<meta property=\"og:type\" content=\"article\" \/>\n<meta property=\"og:title\" content=\"K\u00f5nearenduslik m\u00e4ngukomplekt Memoriin - K\u00f5nemull\" \/>\n<meta property=\"og:description\" content=\"Memoriini m\u00e4ngimiseks valib m\u00e4ngija kaks nuppu, mille m\u00e4ngualuselt eemaldab. Kui pildid sobivad omavahel kokku, saab m\u00e4ngija nimetada pildil olevad esemed, moodustada lauseid v\u00f5i lugeda s\u00f5nu (s\u00f5ltuvalt valitud m\u00e4ngust). Kui pildid kokku ei sobi, l\u00e4heb m\u00e4ngukord j\u00e4rgmisele. V\u00f5idab see m\u00e4ngija, kes on m\u00e4ngu l\u00f5pus k\u00f5ige rohkem paare kogunud.  K\u00f5nemulli memoriini m\u00e4ngukomplekti kuulub 26 m\u00e4ngu:    S-h\u00e4\u00e4liku m\u00e4ngud (7 m\u00e4ngu)  R-h\u00e4\u00e4liku m\u00e4ngud (6 m\u00e4ngu)  K-h\u00e4\u00e4liku m\u00e4ngud (5 m\u00e4ngu)  P\u00f5hjus- ja tingimuslause (2 m\u00e4ngu)  Tagas\u00f5nad  Vastands\u00f5nad  Lugemism\u00e4ngud (2 m\u00e4ngu)  Terviku osade nimetused  Umbisikuline tegumood\" \/>\n<meta property=\"og:url\" content=\"https:\/\/konemull.ee\/en\/product\/konearenduslik-mangukomplekt-memoriin\/\" \/>\n<meta property=\"og:site_name\" content=\"K\u00f5nemull\" \/>\n<meta property=\"article:modified_time\" content=\"2025-09-12T11:57:50+00:00\" \/>\n<meta property=\"og:image\" content=\"https:\/\/konemull.ee\/wp-content\/uploads\/2024\/10\/32.png\" \/>\n\t<meta property=\"og:image:width\" content=\"1000\" \/>\n\t<meta property=\"og:image:height\" content=\"1000\" \/>\n\t<meta property=\"og:image:type\" content=\"image\/png\" \/>\n<meta name=\"twitter:card\" content=\"summary_large_image\" \/>\n<meta name=\"twitter:label1\" content=\"Est. reading time\" \/>\n\t<meta name=\"twitter:data1\" content=\"1 minute\" \/>\n<script type=\"application\/ld+json\" class=\"yoast-schema-graph\">{\"@context\":\"https:\\\/\\\/schema.org\",\"@graph\":[{\"@type\":\"WebPage\",\"@id\":\"https:\\\/\\\/konemull.ee\\\/toode\\\/konearenduslik-mangukomplekt-memoriin\\\/\",\"url\":\"https:\\\/\\\/konemull.ee\\\/toode\\\/konearenduslik-mangukomplekt-memoriin\\\/\",\"name\":\"K\u00f5nearenduslik m\u00e4ngukomplekt Memoriin - K\u00f5nemull\",\"isPartOf\":{\"@id\":\"https:\\\/\\\/konemull.ee\\\/en\\\/#website\"},\"primaryImageOfPage\":{\"@id\":\"https:\\\/\\\/konemull.ee\\\/toode\\\/konearenduslik-mangukomplekt-memoriin\\\/#primaryimage\"},\"image\":{\"@id\":\"https:\\\/\\\/konemull.ee\\\/toode\\\/konearenduslik-mangukomplekt-memoriin\\\/#primaryimage\"},\"thumbnailUrl\":\"https:\\\/\\\/konemull.ee\\\/wp-content\\\/uploads\\\/2024\\\/10\\\/32.png\",\"datePublished\":\"2024-10-23T19:40:32+00:00\",\"dateModified\":\"2025-09-12T11:57:50+00:00\",\"breadcrumb\":{\"@id\":\"https:\\\/\\\/konemull.ee\\\/toode\\\/konearenduslik-mangukomplekt-memoriin\\\/#breadcrumb\"},\"inLanguage\":\"en-US\",\"potentialAction\":[{\"@type\":\"ReadAction\",\"target\":[\"https:\\\/\\\/konemull.ee\\\/toode\\\/konearenduslik-mangukomplekt-memoriin\\\/\"]}]},{\"@type\":\"ImageObject\",\"inLanguage\":\"en-US\",\"@id\":\"https:\\\/\\\/konemull.ee\\\/toode\\\/konearenduslik-mangukomplekt-memoriin\\\/#primaryimage\",\"url\":\"https:\\\/\\\/konemull.ee\\\/wp-content\\\/uploads\\\/2024\\\/10\\\/32.png\",\"contentUrl\":\"https:\\\/\\\/konemull.ee\\\/wp-content\\\/uploads\\\/2024\\\/10\\\/32.png\",\"width\":1000,\"height\":1000},{\"@type\":\"BreadcrumbList\",\"@id\":\"https:\\\/\\\/konemull.ee\\\/toode\\\/konearenduslik-mangukomplekt-memoriin\\\/#breadcrumb\",\"itemListElement\":[{\"@type\":\"ListItem\",\"position\":1,\"name\":\"Home\",\"item\":\"https:\\\/\\\/konemull.ee\\\/en\\\/\"},{\"@type\":\"ListItem\",\"position\":2,\"name\":\"Tooted\",\"item\":\"https:\\\/\\\/konemull.ee\\\/en\\\/tooted\\\/\"},{\"@type\":\"ListItem\",\"position\":3,\"name\":\"K\u00f5nearenduslik m\u00e4ngukomplekt Memoriin\"}]},{\"@type\":\"WebSite\",\"@id\":\"https:\\\/\\\/konemull.ee\\\/en\\\/#website\",\"url\":\"https:\\\/\\\/konemull.ee\\\/en\\\/\",\"name\":\"K\u00f5nemull\",\"description\":\"\",\"publisher\":{\"@id\":\"https:\\\/\\\/konemull.ee\\\/en\\\/#organization\"},\"potentialAction\":[{\"@type\":\"SearchAction\",\"target\":{\"@type\":\"EntryPoint\",\"urlTemplate\":\"https:\\\/\\\/konemull.ee\\\/en\\\/?s={search_term_string}\"},\"query-input\":{\"@type\":\"PropertyValueSpecification\",\"valueRequired\":true,\"valueName\":\"search_term_string\"}}],\"inLanguage\":\"en-US\"},{\"@type\":\"Organization\",\"@id\":\"https:\\\/\\\/konemull.ee\\\/en\\\/#organization\",\"name\":\"K\u00f5nemull\",\"url\":\"https:\\\/\\\/konemull.ee\\\/en\\\/\",\"logo\":{\"@type\":\"ImageObject\",\"inLanguage\":\"en-US\",\"@id\":\"https:\\\/\\\/konemull.ee\\\/en\\\/#\\\/schema\\\/logo\\\/image\\\/\",\"url\":\"https:\\\/\\\/konemull.ee\\\/wp-content\\\/uploads\\\/2024\\\/01\\\/TransparentKoneMull.png\",\"contentUrl\":\"https:\\\/\\\/konemull.ee\\\/wp-content\\\/uploads\\\/2024\\\/01\\\/TransparentKoneMull.png\",\"width\":500,\"height\":500,\"caption\":\"K\u00f5nemull\"},\"image\":{\"@id\":\"https:\\\/\\\/konemull.ee\\\/en\\\/#\\\/schema\\\/logo\\\/image\\\/\"}}]}<\/script>\n<!-- \/ Yoast SEO plugin. -->","yoast_head_json":{"title":"K\u00f5nearenduslik m\u00e4ngukomplekt Memoriin - K\u00f5nemull","robots":{"index":"index","follow":"follow","max-snippet":"max-snippet:-1","max-image-preview":"max-image-preview:large","max-video-preview":"max-video-preview:-1"},"canonical":"https:\/\/konemull.ee\/en\/product\/konearenduslik-mangukomplekt-memoriin\/","og_locale":"en_US","og_type":"article","og_title":"K\u00f5nearenduslik m\u00e4ngukomplekt Memoriin - K\u00f5nemull","og_description":"Memoriini m\u00e4ngimiseks valib m\u00e4ngija kaks nuppu, mille m\u00e4ngualuselt eemaldab. Kui pildid sobivad omavahel kokku, saab m\u00e4ngija nimetada pildil olevad esemed, moodustada lauseid v\u00f5i lugeda s\u00f5nu (s\u00f5ltuvalt valitud m\u00e4ngust). Kui pildid kokku ei sobi, l\u00e4heb m\u00e4ngukord j\u00e4rgmisele. V\u00f5idab see m\u00e4ngija, kes on m\u00e4ngu l\u00f5pus k\u00f5ige rohkem paare kogunud.  K\u00f5nemulli memoriini m\u00e4ngukomplekti kuulub 26 m\u00e4ngu:    S-h\u00e4\u00e4liku m\u00e4ngud (7 m\u00e4ngu)  R-h\u00e4\u00e4liku m\u00e4ngud (6 m\u00e4ngu)  K-h\u00e4\u00e4liku m\u00e4ngud (5 m\u00e4ngu)  P\u00f5hjus- ja tingimuslause (2 m\u00e4ngu)  Tagas\u00f5nad  Vastands\u00f5nad  Lugemism\u00e4ngud (2 m\u00e4ngu)  Terviku osade nimetused  Umbisikuline tegumood","og_url":"https:\/\/konemull.ee\/en\/product\/konearenduslik-mangukomplekt-memoriin\/","og_site_name":"K\u00f5nemull","article_modified_time":"2025-09-12T11:57:50+00:00","og_image":[{"width":1000,"height":1000,"url":"https:\/\/konemull.ee\/wp-content\/uploads\/2024\/10\/32.png","type":"image\/png"}],"twitter_card":"summary_large_image","twitter_misc":{"Est. reading time":"1 minute"},"schema":{"@context":"https:\/\/schema.org","@graph":[{"@type":"WebPage","@id":"https:\/\/konemull.ee\/toode\/konearenduslik-mangukomplekt-memoriin\/","url":"https:\/\/konemull.ee\/toode\/konearenduslik-mangukomplekt-memoriin\/","name":"K\u00f5nearenduslik m\u00e4ngukomplekt Memoriin - K\u00f5nemull","isPartOf":{"@id":"https:\/\/konemull.ee\/en\/#website"},"primaryImageOfPage":{"@id":"https:\/\/konemull.ee\/toode\/konearenduslik-mangukomplekt-memoriin\/#primaryimage"},"image":{"@id":"https:\/\/konemull.ee\/toode\/konearenduslik-mangukomplekt-memoriin\/#primaryimage"},"thumbnailUrl":"https:\/\/konemull.ee\/wp-content\/uploads\/2024\/10\/32.png","datePublished":"2024-10-23T19:40:32+00:00","dateModified":"2025-09-12T11:57:50+00:00","breadcrumb":{"@id":"https:\/\/konemull.ee\/toode\/konearenduslik-mangukomplekt-memoriin\/#breadcrumb"},"inLanguage":"en-US","potentialAction":[{"@type":"ReadAction","target":["https:\/\/konemull.ee\/toode\/konearenduslik-mangukomplekt-memoriin\/"]}]},{"@type":"ImageObject","inLanguage":"en-US","@id":"https:\/\/konemull.ee\/toode\/konearenduslik-mangukomplekt-memoriin\/#primaryimage","url":"https:\/\/konemull.ee\/wp-content\/uploads\/2024\/10\/32.png","contentUrl":"https:\/\/konemull.ee\/wp-content\/uploads\/2024\/10\/32.png","width":1000,"height":1000},{"@type":"BreadcrumbList","@id":"https:\/\/konemull.ee\/toode\/konearenduslik-mangukomplekt-memoriin\/#breadcrumb","itemListElement":[{"@type":"ListItem","position":1,"name":"Home","item":"https:\/\/konemull.ee\/en\/"},{"@type":"ListItem","position":2,"name":"Tooted","item":"https:\/\/konemull.ee\/en\/tooted\/"},{"@type":"ListItem","position":3,"name":"K\u00f5nearenduslik m\u00e4ngukomplekt Memoriin"}]},{"@type":"WebSite","@id":"https:\/\/konemull.ee\/en\/#website","url":"https:\/\/konemull.ee\/en\/","name":"K\u00f5nemull","description":"","publisher":{"@id":"https:\/\/konemull.ee\/en\/#organization"},"potentialAction":[{"@type":"SearchAction","target":{"@type":"EntryPoint","urlTemplate":"https:\/\/konemull.ee\/en\/?s={search_term_string}"},"query-input":{"@type":"PropertyValueSpecification","valueRequired":true,"valueName":"search_term_string"}}],"inLanguage":"en-US"},{"@type":"Organization","@id":"https:\/\/konemull.ee\/en\/#organization","name":"K\u00f5nemull","url":"https:\/\/konemull.ee\/en\/","logo":{"@type":"ImageObject","inLanguage":"en-US","@id":"https:\/\/konemull.ee\/en\/#\/schema\/logo\/image\/","url":"https:\/\/konemull.ee\/wp-content\/uploads\/2024\/01\/TransparentKoneMull.png","contentUrl":"https:\/\/konemull.ee\/wp-content\/uploads\/2024\/01\/TransparentKoneMull.png","width":500,"height":500,"caption":"K\u00f5nemull"},"image":{"@id":"https:\/\/konemull.ee\/en\/#\/schema\/logo\/image\/"}}]}},"_links":{"self":[{"href":"https:\/\/konemull.ee\/en\/wp-json\/wp\/v2\/product\/606","targetHints":{"allow":["GET"]}}],"collection":[{"href":"https:\/\/konemull.ee\/en\/wp-json\/wp\/v2\/product"}],"about":[{"href":"https:\/\/konemull.ee\/en\/wp-json\/wp\/v2\/types\/product"}],"replies":[{"embeddable":true,"href":"https:\/\/konemull.ee\/en\/wp-json\/wp\/v2\/comments?post=606"}],"wp:featuredmedia":[{"embeddable":true,"href":"https:\/\/konemull.ee\/en\/wp-json\/wp\/v2\/media\/608"}],"wp:attachment":[{"href":"https:\/\/konemull.ee\/en\/wp-json\/wp\/v2\/media?parent=606"}],"wp:term":[{"taxonomy":"product_brand","embeddable":true,"href":"https:\/\/konemull.ee\/en\/wp-json\/wp\/v2\/product_brand?post=606"},{"taxonomy":"product_cat","embeddable":true,"href":"https:\/\/konemull.ee\/en\/wp-json\/wp\/v2\/product_cat?post=606"},{"taxonomy":"product_tag","embeddable":true,"href":"https:\/\/konemull.ee\/en\/wp-json\/wp\/v2\/product_tag?post=606"}],"curies":[{"name":"wp","href":"https:\/\/api.w.org\/{rel}","templated":true}]}}