{"id":793,"date":"2025-06-12T07:20:43","date_gmt":"2025-06-12T07:20:43","guid":{"rendered":"https:\/\/konemull.ee\/?post_type=product&#038;p=793"},"modified":"2026-02-01T07:59:03","modified_gmt":"2026-02-01T07:59:03","slug":"k-haaliku-kinnistamine","status":"publish","type":"product","link":"https:\/\/konemull.ee\/en\/product\/k-haaliku-kinnistamine\/","title":{"rendered":"K-h\u00e4\u00e4liku kinnistamine"},"content":{"rendered":"","protected":false},"excerpt":{"rendered":"<p>K-h\u00e4\u00e4liku kinnistamise \u00f5ppekomplekti kuulub 4 m\u00e4ngu:<\/p>\n<ul>\n<li>K-h\u00e4\u00e4liku lauam\u00e4ng<\/li>\n<li>K-h\u00e4\u00e4liku eristamine s\u00f5nades &#8220;Kana nokib teri&#8221;<\/li>\n<li>S\u00fcnnip\u00e4evatordi kaunistamine<\/li>\n<li>R\u00fchmitamine &#8220;K\u00fclmkappi v\u00f5i kappi?&#8221;<\/li>\n<\/ul>\n<p>Nende \u00f5ppem\u00e4ngudega saab laps kinnistada K-h\u00e4\u00e4likut s\u00f5nade k\u00f5ikides positsioonides. Raskusastme t\u00f5stmiseks on v\u00f5imalik k\u00f5ikides m\u00e4ngudes moodustada ka \u00f5pitud s\u00f5nadega lauseid.<\/p>\n<p>&nbsp;<\/p>\n<p><em>NB! PDF-formaadis m\u00e4ngud saate alla laadida kohe p\u00e4rast tasumist veebilehelt v\u00f5i e-mailile saadetud arvelt.<\/em><\/p>","protected":false},"featured_media":796,"comment_status":"open","ping_status":"closed","template":"","meta":{"site-sidebar-layout":"default","site-content-layout":"","ast-site-content-layout":"default","site-content-style":"default","site-sidebar-style":"default","ast-global-header-display":"","ast-banner-title-visibility":"","ast-main-header-display":"","ast-hfb-above-header-display":"","ast-hfb-below-header-display":"","ast-hfb-mobile-header-display":"","site-post-title":"","ast-breadcrumbs-content":"","ast-featured-img":"","footer-sml-layout":"","ast-disable-related-posts":"","theme-transparent-header-meta":"default","adv-header-id-meta":"","stick-header-meta":"","header-above-stick-meta":"","header-main-stick-meta":"","header-below-stick-meta":"","astra-migrate-meta-layouts":"set","ast-page-background-enabled":"default","ast-page-background-meta":{"desktop":{"background-color":"var(--ast-global-color-4)","background-image":"","background-repeat":"repeat","background-position":"center center","background-size":"auto","background-attachment":"scroll","background-type":"","background-media":"","overlay-type":"","overlay-color":"","overlay-opacity":"","overlay-gradient":""},"tablet":{"background-color":"","background-image":"","background-repeat":"repeat","background-position":"center center","background-size":"auto","background-attachment":"scroll","background-type":"","background-media":"","overlay-type":"","overlay-color":"","overlay-opacity":"","overlay-gradient":""},"mobile":{"background-color":"","background-image":"","background-repeat":"repeat","background-position":"center center","background-size":"auto","background-attachment":"scroll","background-type":"","background-media":"","overlay-type":"","overlay-color":"","overlay-opacity":"","overlay-gradient":""}},"ast-content-background-meta":{"desktop":{"background-color":"var(--ast-global-color-5)","background-image":"","background-repeat":"repeat","background-position":"center center","background-size":"auto","background-attachment":"scroll","background-type":"","background-media":"","overlay-type":"","overlay-color":"","overlay-opacity":"","overlay-gradient":""},"tablet":{"background-color":"var(--ast-global-color-5)","background-image":"","background-repeat":"repeat","background-position":"center center","background-size":"auto","background-attachment":"scroll","background-type":"","background-media":"","overlay-type":"","overlay-color":"","overlay-opacity":"","overlay-gradient":""},"mobile":{"background-color":"var(--ast-global-color-5)","background-image":"","background-repeat":"repeat","background-position":"center center","background-size":"auto","background-attachment":"scroll","background-type":"","background-media":"","overlay-type":"","overlay-color":"","overlay-opacity":"","overlay-gradient":""}}},"product_brand":[],"product_cat":[29],"product_tag":[],"class_list":{"0":"post-793","1":"product","2":"type-product","3":"status-publish","4":"has-post-thumbnail","6":"product_cat-haalikumangud","7":"desktop-align-center","8":"tablet-align-left","9":"mobile-align-left","11":"first","12":"instock","13":"taxable","14":"shipping-taxable","15":"purchasable","16":"product-type-variable","17":"has-default-attributes"},"yoast_head":"<!-- This site is optimized with the Yoast SEO plugin v27.3 - https:\/\/yoast.com\/product\/yoast-seo-wordpress\/ -->\n<title>K-h\u00e4\u00e4liku kinnistamine - K\u00f5nemull<\/title>\n<meta name=\"robots\" content=\"index, follow, max-snippet:-1, max-image-preview:large, max-video-preview:-1\" \/>\n<link rel=\"canonical\" href=\"https:\/\/konemull.ee\/en\/product\/k-haaliku-kinnistamine\/\" \/>\n<meta property=\"og:locale\" content=\"en_US\" \/>\n<meta property=\"og:type\" content=\"article\" \/>\n<meta property=\"og:title\" content=\"K-h\u00e4\u00e4liku kinnistamine - K\u00f5nemull\" \/>\n<meta property=\"og:description\" content=\"K-h\u00e4\u00e4liku kinnistamise \u00f5ppekomplekti kuulub 4 m\u00e4ngu:   K-h\u00e4\u00e4liku lauam\u00e4ng  K-h\u00e4\u00e4liku eristamine s\u00f5nades &quot;Kana nokib teri&quot;  S\u00fcnnip\u00e4evatordi kaunistamine  R\u00fchmitamine &quot;K\u00fclmkappi v\u00f5i kappi?&quot;  Nende \u00f5ppem\u00e4ngudega saab laps kinnistada K-h\u00e4\u00e4likut s\u00f5nade k\u00f5ikides positsioonides. Raskusastme t\u00f5stmiseks on v\u00f5imalik k\u00f5ikides m\u00e4ngudes moodustada ka \u00f5pitud s\u00f5nadega lauseid.  &nbsp;  NB! PDF-formaadis m\u00e4ngud saate alla laadida kohe p\u00e4rast tasumist veebilehelt v\u00f5i e-mailile saadetud arvelt.\" \/>\n<meta property=\"og:url\" content=\"https:\/\/konemull.ee\/en\/product\/k-haaliku-kinnistamine\/\" \/>\n<meta property=\"og:site_name\" content=\"K\u00f5nemull\" \/>\n<meta property=\"article:modified_time\" content=\"2026-02-01T07:59:03+00:00\" \/>\n<meta property=\"og:image\" content=\"https:\/\/www.konemull.ee\/wp-content\/uploads\/2025\/06\/khaalik.png\" \/>\n\t<meta property=\"og:image:width\" content=\"1000\" \/>\n\t<meta property=\"og:image:height\" content=\"1000\" \/>\n\t<meta property=\"og:image:type\" content=\"image\/png\" \/>\n<meta name=\"twitter:card\" content=\"summary_large_image\" \/>\n<meta name=\"twitter:label1\" content=\"Est. reading time\" \/>\n\t<meta name=\"twitter:data1\" content=\"1 minute\" \/>\n<script type=\"application\/ld+json\" class=\"yoast-schema-graph\">{\"@context\":\"https:\\\/\\\/schema.org\",\"@graph\":[{\"@type\":\"WebPage\",\"@id\":\"https:\\\/\\\/konemull.ee\\\/toode\\\/k-haaliku-kinnistamine\\\/\",\"url\":\"https:\\\/\\\/konemull.ee\\\/toode\\\/k-haaliku-kinnistamine\\\/\",\"name\":\"K-h\u00e4\u00e4liku kinnistamine - K\u00f5nemull\",\"isPartOf\":{\"@id\":\"https:\\\/\\\/konemull.ee\\\/en\\\/#website\"},\"primaryImageOfPage\":{\"@id\":\"https:\\\/\\\/konemull.ee\\\/toode\\\/k-haaliku-kinnistamine\\\/#primaryimage\"},\"image\":{\"@id\":\"https:\\\/\\\/konemull.ee\\\/toode\\\/k-haaliku-kinnistamine\\\/#primaryimage\"},\"thumbnailUrl\":\"https:\\\/\\\/konemull.ee\\\/wp-content\\\/uploads\\\/2025\\\/06\\\/khaalik.png\",\"datePublished\":\"2025-06-12T07:20:43+00:00\",\"dateModified\":\"2026-02-01T07:59:03+00:00\",\"breadcrumb\":{\"@id\":\"https:\\\/\\\/konemull.ee\\\/toode\\\/k-haaliku-kinnistamine\\\/#breadcrumb\"},\"inLanguage\":\"en-US\",\"potentialAction\":[{\"@type\":\"ReadAction\",\"target\":[\"https:\\\/\\\/konemull.ee\\\/toode\\\/k-haaliku-kinnistamine\\\/\"]}]},{\"@type\":\"ImageObject\",\"inLanguage\":\"en-US\",\"@id\":\"https:\\\/\\\/konemull.ee\\\/toode\\\/k-haaliku-kinnistamine\\\/#primaryimage\",\"url\":\"https:\\\/\\\/konemull.ee\\\/wp-content\\\/uploads\\\/2025\\\/06\\\/khaalik.png\",\"contentUrl\":\"https:\\\/\\\/konemull.ee\\\/wp-content\\\/uploads\\\/2025\\\/06\\\/khaalik.png\",\"width\":1000,\"height\":1000},{\"@type\":\"BreadcrumbList\",\"@id\":\"https:\\\/\\\/konemull.ee\\\/toode\\\/k-haaliku-kinnistamine\\\/#breadcrumb\",\"itemListElement\":[{\"@type\":\"ListItem\",\"position\":1,\"name\":\"Home\",\"item\":\"https:\\\/\\\/konemull.ee\\\/en\\\/\"},{\"@type\":\"ListItem\",\"position\":2,\"name\":\"Tooted\",\"item\":\"https:\\\/\\\/konemull.ee\\\/en\\\/tooted\\\/\"},{\"@type\":\"ListItem\",\"position\":3,\"name\":\"K-h\u00e4\u00e4liku kinnistamine\"}]},{\"@type\":\"WebSite\",\"@id\":\"https:\\\/\\\/konemull.ee\\\/en\\\/#website\",\"url\":\"https:\\\/\\\/konemull.ee\\\/en\\\/\",\"name\":\"K\u00f5nemull\",\"description\":\"\",\"publisher\":{\"@id\":\"https:\\\/\\\/konemull.ee\\\/en\\\/#organization\"},\"potentialAction\":[{\"@type\":\"SearchAction\",\"target\":{\"@type\":\"EntryPoint\",\"urlTemplate\":\"https:\\\/\\\/konemull.ee\\\/en\\\/?s={search_term_string}\"},\"query-input\":{\"@type\":\"PropertyValueSpecification\",\"valueRequired\":true,\"valueName\":\"search_term_string\"}}],\"inLanguage\":\"en-US\"},{\"@type\":\"Organization\",\"@id\":\"https:\\\/\\\/konemull.ee\\\/en\\\/#organization\",\"name\":\"K\u00f5nemull\",\"url\":\"https:\\\/\\\/konemull.ee\\\/en\\\/\",\"logo\":{\"@type\":\"ImageObject\",\"inLanguage\":\"en-US\",\"@id\":\"https:\\\/\\\/konemull.ee\\\/en\\\/#\\\/schema\\\/logo\\\/image\\\/\",\"url\":\"https:\\\/\\\/konemull.ee\\\/wp-content\\\/uploads\\\/2024\\\/01\\\/TransparentKoneMull.png\",\"contentUrl\":\"https:\\\/\\\/konemull.ee\\\/wp-content\\\/uploads\\\/2024\\\/01\\\/TransparentKoneMull.png\",\"width\":500,\"height\":500,\"caption\":\"K\u00f5nemull\"},\"image\":{\"@id\":\"https:\\\/\\\/konemull.ee\\\/en\\\/#\\\/schema\\\/logo\\\/image\\\/\"}}]}<\/script>\n<!-- \/ Yoast SEO plugin. -->","yoast_head_json":{"title":"K-h\u00e4\u00e4liku kinnistamine - K\u00f5nemull","robots":{"index":"index","follow":"follow","max-snippet":"max-snippet:-1","max-image-preview":"max-image-preview:large","max-video-preview":"max-video-preview:-1"},"canonical":"https:\/\/konemull.ee\/en\/product\/k-haaliku-kinnistamine\/","og_locale":"en_US","og_type":"article","og_title":"K-h\u00e4\u00e4liku kinnistamine - K\u00f5nemull","og_description":"K-h\u00e4\u00e4liku kinnistamise \u00f5ppekomplekti kuulub 4 m\u00e4ngu:   K-h\u00e4\u00e4liku lauam\u00e4ng  K-h\u00e4\u00e4liku eristamine s\u00f5nades \"Kana nokib teri\"  S\u00fcnnip\u00e4evatordi kaunistamine  R\u00fchmitamine \"K\u00fclmkappi v\u00f5i kappi?\"  Nende \u00f5ppem\u00e4ngudega saab laps kinnistada K-h\u00e4\u00e4likut s\u00f5nade k\u00f5ikides positsioonides. Raskusastme t\u00f5stmiseks on v\u00f5imalik k\u00f5ikides m\u00e4ngudes moodustada ka \u00f5pitud s\u00f5nadega lauseid.  &nbsp;  NB! PDF-formaadis m\u00e4ngud saate alla laadida kohe p\u00e4rast tasumist veebilehelt v\u00f5i e-mailile saadetud arvelt.","og_url":"https:\/\/konemull.ee\/en\/product\/k-haaliku-kinnistamine\/","og_site_name":"K\u00f5nemull","article_modified_time":"2026-02-01T07:59:03+00:00","og_image":[{"width":1000,"height":1000,"url":"https:\/\/www.konemull.ee\/wp-content\/uploads\/2025\/06\/khaalik.png","type":"image\/png"}],"twitter_card":"summary_large_image","twitter_misc":{"Est. reading time":"1 minute"},"schema":{"@context":"https:\/\/schema.org","@graph":[{"@type":"WebPage","@id":"https:\/\/konemull.ee\/toode\/k-haaliku-kinnistamine\/","url":"https:\/\/konemull.ee\/toode\/k-haaliku-kinnistamine\/","name":"K-h\u00e4\u00e4liku kinnistamine - K\u00f5nemull","isPartOf":{"@id":"https:\/\/konemull.ee\/en\/#website"},"primaryImageOfPage":{"@id":"https:\/\/konemull.ee\/toode\/k-haaliku-kinnistamine\/#primaryimage"},"image":{"@id":"https:\/\/konemull.ee\/toode\/k-haaliku-kinnistamine\/#primaryimage"},"thumbnailUrl":"https:\/\/konemull.ee\/wp-content\/uploads\/2025\/06\/khaalik.png","datePublished":"2025-06-12T07:20:43+00:00","dateModified":"2026-02-01T07:59:03+00:00","breadcrumb":{"@id":"https:\/\/konemull.ee\/toode\/k-haaliku-kinnistamine\/#breadcrumb"},"inLanguage":"en-US","potentialAction":[{"@type":"ReadAction","target":["https:\/\/konemull.ee\/toode\/k-haaliku-kinnistamine\/"]}]},{"@type":"ImageObject","inLanguage":"en-US","@id":"https:\/\/konemull.ee\/toode\/k-haaliku-kinnistamine\/#primaryimage","url":"https:\/\/konemull.ee\/wp-content\/uploads\/2025\/06\/khaalik.png","contentUrl":"https:\/\/konemull.ee\/wp-content\/uploads\/2025\/06\/khaalik.png","width":1000,"height":1000},{"@type":"BreadcrumbList","@id":"https:\/\/konemull.ee\/toode\/k-haaliku-kinnistamine\/#breadcrumb","itemListElement":[{"@type":"ListItem","position":1,"name":"Home","item":"https:\/\/konemull.ee\/en\/"},{"@type":"ListItem","position":2,"name":"Tooted","item":"https:\/\/konemull.ee\/en\/tooted\/"},{"@type":"ListItem","position":3,"name":"K-h\u00e4\u00e4liku kinnistamine"}]},{"@type":"WebSite","@id":"https:\/\/konemull.ee\/en\/#website","url":"https:\/\/konemull.ee\/en\/","name":"K\u00f5nemull","description":"","publisher":{"@id":"https:\/\/konemull.ee\/en\/#organization"},"potentialAction":[{"@type":"SearchAction","target":{"@type":"EntryPoint","urlTemplate":"https:\/\/konemull.ee\/en\/?s={search_term_string}"},"query-input":{"@type":"PropertyValueSpecification","valueRequired":true,"valueName":"search_term_string"}}],"inLanguage":"en-US"},{"@type":"Organization","@id":"https:\/\/konemull.ee\/en\/#organization","name":"K\u00f5nemull","url":"https:\/\/konemull.ee\/en\/","logo":{"@type":"ImageObject","inLanguage":"en-US","@id":"https:\/\/konemull.ee\/en\/#\/schema\/logo\/image\/","url":"https:\/\/konemull.ee\/wp-content\/uploads\/2024\/01\/TransparentKoneMull.png","contentUrl":"https:\/\/konemull.ee\/wp-content\/uploads\/2024\/01\/TransparentKoneMull.png","width":500,"height":500,"caption":"K\u00f5nemull"},"image":{"@id":"https:\/\/konemull.ee\/en\/#\/schema\/logo\/image\/"}}]}},"_links":{"self":[{"href":"https:\/\/konemull.ee\/en\/wp-json\/wp\/v2\/product\/793","targetHints":{"allow":["GET"]}}],"collection":[{"href":"https:\/\/konemull.ee\/en\/wp-json\/wp\/v2\/product"}],"about":[{"href":"https:\/\/konemull.ee\/en\/wp-json\/wp\/v2\/types\/product"}],"replies":[{"embeddable":true,"href":"https:\/\/konemull.ee\/en\/wp-json\/wp\/v2\/comments?post=793"}],"wp:featuredmedia":[{"embeddable":true,"href":"https:\/\/konemull.ee\/en\/wp-json\/wp\/v2\/media\/796"}],"wp:attachment":[{"href":"https:\/\/konemull.ee\/en\/wp-json\/wp\/v2\/media?parent=793"}],"wp:term":[{"taxonomy":"product_brand","embeddable":true,"href":"https:\/\/konemull.ee\/en\/wp-json\/wp\/v2\/product_brand?post=793"},{"taxonomy":"product_cat","embeddable":true,"href":"https:\/\/konemull.ee\/en\/wp-json\/wp\/v2\/product_cat?post=793"},{"taxonomy":"product_tag","embeddable":true,"href":"https:\/\/konemull.ee\/en\/wp-json\/wp\/v2\/product_tag?post=793"}],"curies":[{"name":"wp","href":"https:\/\/api.w.org\/{rel}","templated":true}]}}